{"id":85,"date":"2015-12-04T14:06:31","date_gmt":"2015-12-04T12:06:31","guid":{"rendered":"http:\/\/www.line-xtr.com\/?page_id=85"},"modified":"2021-04-26T11:10:38","modified_gmt":"2021-04-26T08:10:38","slug":"iletisim","status":"publish","type":"page","link":"https:\/\/www.line-xtr.com\/index.php\/iletisim\/","title":{"rendered":"\u0130leti\u015fim"},"content":{"rendered":"<h3>Adres: <div class=\"cb-tabs\"><ul><li><a href=\"#adres:\">Adres:<\/a><\/li><li><a href=\"#telefon:\">Telefon:<\/a><\/li><li><a href=\"#e-posta:\">e-posta:<\/a><\/li><li><a href=\"#facebookadresi:\">Facebook Adresi:<\/a><\/li><\/ul><div class=\"cb-panes\"><div class=\"cb-tab-content\">Atat\u00fcrk Mah. Ertu\u011frul Gazi Sk. Metropol \u0130stanbul Sitesi A2 Blok Kat:21 Daire:331 Ata\u015fehir \u0130stanbul T\u00fcrkiye<\/div><div class=\"cb-tab-content\"><strong>0216 709 28 37 &#8211; 0532 216 11 28<\/strong><\/div><div class=\"cb-tab-content\"><a href=\"mailto:info@line-xtr.com\">bilgi@line-xtr.com<\/a><\/div><div class=\"cb-tab-content\"><a href=\"http:\/\/www.facebook.com\/linexturkiye\" target=\"_blank\" rel=\"noopener noreferrer\">www.facebook.com\/linexturkiye<\/a><\/div><\/div><\/div><\/h3>\n<p><iframe loading=\"lazy\" style=\"border: 0;\" src=\"https:\/\/www.google.com\/maps\/embed?pb=!1m18!1m12!1m3!1d3011.3940811820116!2d29.12026631549393!3d40.99474697930216!2m3!1f0!2f0!3f0!3m2!1i1024!2i768!4f13.1!3m3!1m2!1s0x0%3A0x0!2zNDDCsDU5JzQxLjEiTiAyOcKwMDcnMjAuOCJF!5e0!3m2!1str!2str!4v1570439048635!5m2!1str!2str\" width=\"600\" height=\"450\" frameborder=\"0\" allowfullscreen=\"allowfullscreen\"><\/iframe><\/p>\n","protected":false},"excerpt":{"rendered":"<p>Adres:<\/p>\n","protected":false},"author":1,"featured_media":0,"parent":0,"menu_order":0,"comment_status":"closed","ping_status":"closed","template":"","meta":{"footnotes":""},"_links":{"self":[{"href":"https:\/\/www.line-xtr.com\/index.php\/wp-json\/wp\/v2\/pages\/85"}],"collection":[{"href":"https:\/\/www.line-xtr.com\/index.php\/wp-json\/wp\/v2\/pages"}],"about":[{"href":"https:\/\/www.line-xtr.com\/index.php\/wp-json\/wp\/v2\/types\/page"}],"author":[{"embeddable":true,"href":"https:\/\/www.line-xtr.com\/index.php\/wp-json\/wp\/v2\/users\/1"}],"replies":[{"embeddable":true,"href":"https:\/\/www.line-xtr.com\/index.php\/wp-json\/wp\/v2\/comments?post=85"}],"version-history":[{"count":20,"href":"https:\/\/www.line-xtr.com\/index.php\/wp-json\/wp\/v2\/pages\/85\/revisions"}],"predecessor-version":[{"id":266,"href":"https:\/\/www.line-xtr.com\/index.php\/wp-json\/wp\/v2\/pages\/85\/revisions\/266"}],"wp:attachment":[{"href":"https:\/\/www.line-xtr.com\/index.php\/wp-json\/wp\/v2\/media?parent=85"}],"curies":[{"name":"wp","href":"https:\/\/api.w.org\/{rel}","templated":true}]}}