{"id":79,"date":"2015-12-04T14:05:20","date_gmt":"2015-12-04T12:05:20","guid":{"rendered":"http:\/\/www.line-xtr.com\/?page_id=79"},"modified":"2018-03-17T22:46:20","modified_gmt":"2018-03-17T19:46:20","slug":"referanslarimiz","status":"publish","type":"page","link":"https:\/\/www.line-xtr.com\/index.php\/referanslarimiz\/","title":{"rendered":"Referanslar\u0131m\u0131z"},"content":{"rendered":"<table width=\"200\">\n<tbody>\n<tr>\n<td colspan=\"2\"><strong>REFERANSLARIMIZDAN BAZILARI<\/strong><\/td>\n<\/tr>\n<tr>\n<td><strong>NO<\/strong><\/td>\n<td><strong>\u015eEH\u0130R<\/strong><\/td>\n<td><strong>\u0130\u015e\u0130N SAH\u0130B\u0130 \/ \u0130DARE<\/strong><\/td>\n<td><strong>\u0130\u015e\u0130N ADI<\/strong><\/td>\n<\/tr>\n<tr>\n<td>1<\/td>\n<td>\u0130STANBUL<\/td>\n<td>\u0130SK\u0130<\/td>\n<td colspan=\"5\">Elmal\u0131 Su Ar\u0131tma Tesisleri \u00e7\u00f6kertme havuzu kimyasal\u00a0koruma ve su izolasyonu<\/td>\n<\/tr>\n<tr>\n<td>2<\/td>\n<td>\u0130STANBUL<\/td>\n<td>METRO MARKETLER Z\u0130NC\u0130R\u0130<\/td>\n<td colspan=\"4\">KOZYATA\u011eI METRO K\u0131rm\u0131z\u0131 et kesim, so\u011fuk hava\u00a0deposu, i\u00e7ecek reyonu v.b. alanlar\u0131n zemin kaplamas\u0131<\/td>\n<\/tr>\n<tr>\n<td>3<\/td>\n<td>\u0130STANBUL<\/td>\n<td>ATAT\u00dcRK HAVAL\u0130MANI<\/td>\n<td colspan=\"4\">D\u0131\u015f Hatlar ve Kargo Alanlar\u0131 Zemin Kaplama (Lokal Onar\u0131mlar)<\/td>\n<\/tr>\n<tr>\n<td>4<\/td>\n<td>\u0130STANBUL<\/td>\n<td>BIKKINI ISLAND<\/td>\n<td colspan=\"2\">Havuz Su \u0130zolasyonu<\/td>\n<\/tr>\n<tr>\n<td>5<\/td>\n<td>\u0130STANBUL<\/td>\n<td>G\u00d6RSEL SANATLAR MATBAASI<\/td>\n<td colspan=\"3\">End\u00fcstriyel zemin kaplama<\/td>\n<\/tr>\n<tr>\n<td>6<\/td>\n<td>\u0130STANBUL<\/td>\n<td>\u0130STANBUL B\u00dcY\u00dcK\u015eEH\u0130R\u00a0BELED\u0130YES\u0130<\/td>\n<td colspan=\"4\">Sahipsiz Hayvan Bar\u0131na\u011f\u0131 Zemin Kaplamas\u0131<\/td>\n<\/tr>\n<tr>\n<td>7<\/td>\n<td>\u0130STANBUL<\/td>\n<td>POL\u0130SAN<\/td>\n<td colspan=\"3\">End\u00fcstriyel Zemin Kaplama<\/td>\n<\/tr>\n<tr>\n<td>8<\/td>\n<td>\u0130STANBUL<\/td>\n<td>\u00dcM\u0130T D\u00d6K\u00dcM<\/td>\n<td colspan=\"3\">End\u00fcstriyel Zemin Kaplama<\/td>\n<\/tr>\n<tr>\n<td>9<\/td>\n<td>KIRKLAREL\u0130<\/td>\n<td>KIRKLAREL\u0130 \u00dcNV. YAPI \u0130\u015eLER\u0130\u00a0DA\u0130RE BA\u015eKANLI\u011eI<\/td>\n<td colspan=\"5\">Rekt\u00f6rl\u00fck Giri\u015fi Fuaye \u00fcst\u00fc kaymaz zemin kaplama ve\u00a0su izolasyonu<\/td>\n<\/tr>\n<tr>\n<td>10<\/td>\n<td>D\u00dcZCE<\/td>\n<td>D\u00dcZCE \u00dcNV. YAPI \u0130\u015eLER\u0130\u00a0DA\u0130RE BA\u015eKANLI\u011eI<\/td>\n<td colspan=\"4\">\u00c7ok ama\u00e7l\u0131 derslikler teraslar\u0131, orman fak\u00fcltesi\u00a0teraslar\u0131, Ak\u00e7akoca MYO su depolar\u0131, Yar\u0131 olimpik\u00a0y\u00fczme havuzu su yal\u0131t\u0131mlar\u0131<\/td>\n<\/tr>\n<tr>\n<td>11<\/td>\n<td>D\u00dcZCE<\/td>\n<td>AK\u00c7AKOCA KIZILAY \u015eUBE\u00a0M\u00dcD\u00dcRL\u00dc\u011e\u00dc<\/td>\n<td colspan=\"3\">\u00c7at\u0131 ve a\u00e7\u0131k teraslar\u0131 su izolasyonu<\/td>\n<\/tr>\n<tr>\n<td>12<\/td>\n<td>D\u00dcZCE<\/td>\n<td>CUMAYER\u0130 KIZILAY \u015eUBE\u00a0M\u00dcD\u00dcRL\u00dc\u011e\u00dc<\/td>\n<td colspan=\"3\">\u00c7at\u0131 ve a\u00e7\u0131k teraslar\u0131 su izolasyonu<\/td>\n<\/tr>\n<tr>\n<td>13<\/td>\n<td>KARAB\u00dcK<\/td>\n<td>KARAB\u00dcK \u00dcNV. YAPI \u0130\u015eLER\u0130 DA\u0130RE BA\u015eKANLI\u011eI<\/td>\n<td colspan=\"4\">Rekt\u00f6rl\u00fck Binas\u0131 Teraslar\u0131 Su \u0130zolasyonu, Merkezi Kantin A\u00e7\u0131k Teraslar\u0131 Su \u0130zolasyonu<\/td>\n<\/tr>\n<tr>\n<td>14<\/td>\n<td>\u00c7ANKIRI<\/td>\n<td>YILDIZLAR HOLD\u0130NG<\/td>\n<td colspan=\"5\">Seramik \u00fcretim fabrikas\u0131 end\u00fcstriyel zemin kaplamas\u0131<\/td>\n<\/tr>\n<tr>\n<td>15<\/td>\n<td>ANTALYA<\/td>\n<td>ALANYA MEMOS HOME OTELLER\u0130<\/td>\n<td colspan=\"3\">Y\u00fczme Havuzlar\u0131 Su \u0130zolasyonu<\/td>\n<\/tr>\n<tr>\n<td>16<\/td>\n<td>AFYONKARAH\u0130SAR<\/td>\n<td>ORU\u00c7O\u011eLU TERMAL OTEL<\/td>\n<td colspan=\"3\">Termal Y\u00fczme Havuzu Su \u0130zolasyonu<\/td>\n<\/tr>\n<tr>\n<td>17<\/td>\n<td>KONYA<\/td>\n<td>KONYA B\u00dcY\u00dcK\u015eEH\u0130R\u00a0BELED\u0130YES\u0130 FEN \u0130\u015eLER\u0130<\/td>\n<td colspan=\"4\">\u015eehir i\u00e7i t\u00fcm s\u00fcs havuzlar\u0131 su izolasyonu<\/td>\n<\/tr>\n<tr>\n<td>18<\/td>\n<td>KONYA<\/td>\n<td>KONYA B\u00dcY\u00dcK\u015eEH\u0130R\u00a0BELED\u0130YES\u0130 FEN \u0130\u015eLER\u0130<\/td>\n<td colspan=\"4\">Mevlana K\u00fclt\u00fcr Merkezi A\u00e7\u0131k Sema Alan\u0131 Trib\u00fcn ve\u00a0koltuklar\u0131 zemin kaplama ve su izolasyonu<\/td>\n<\/tr>\n<tr>\n<td>19<\/td>\n<td>KONYA<\/td>\n<td>KONYA SPOR TES\u0130SLER\u0130<\/td>\n<td colspan=\"3\">A\u00e7\u0131k alanlar su ve ses izolasyonu<\/td>\n<\/tr>\n<tr>\n<td>20<\/td>\n<td>KONYA<\/td>\n<td>KONYA B\u00dcY\u00dcK\u015eEH\u0130R\u00a0BELED\u0130YES\u0130 FEN \u0130\u015eLER\u0130<\/td>\n<td colspan=\"4\">Arif Bilge Spor Tesisleri \u00c7at\u0131 ve Teras Su \u0130zolasyonu<\/td>\n<\/tr>\n<tr>\n<td>21<\/td>\n<td>KONYA<\/td>\n<td>KONYA B\u00dcY\u00dcK\u015eEH\u0130R\u00a0BELED\u0130YES\u0130 FEN \u0130\u015eLER\u0130<\/td>\n<td colspan=\"5\">Mevlana K\u00fclt\u00fcr Merkezi \u00c7evre \u00c7i\u00e7eklik Toprak Alt\u0131 Su\u00a0\u0130zolasyonu<\/td>\n<\/tr>\n<tr>\n<td>22<\/td>\n<td>D\u00dcZCE<\/td>\n<td>PAKMAYA D\u00dcZCE KAMP\u00dcS\u00dc<\/td>\n<td colspan=\"5\">Ar\u0131tma Tesisi Metal Kimyasal Koruma ve Su \u0130zolasyonu<\/td>\n<\/tr>\n<tr>\n<td>23<\/td>\n<td>\u0130STANBUL<\/td>\n<td>MEYDAN ALI\u015eVER\u0130\u015e\u00a0MERKEZ\u0130<\/td>\n<td colspan=\"3\">Zemin Kaplama ve Su \u0130zolasyonu<\/td>\n<\/tr>\n<tr>\n<td>24<\/td>\n<td>KIR\u015eEH\u0130R<\/td>\n<td>KIR\u015eEH\u0130R BELED\u0130YES\u0130<\/td>\n<td colspan=\"4\">Belediye Ek Hizmet Binas\u0131 Teraslar\u0131 Su \u0130zolasyonu<\/td>\n<\/tr>\n<tr>\n<td>25<\/td>\n<td>KONYA<\/td>\n<td>SEL\u00c7UKLU BELED\u0130YES\u0130<\/td>\n<td colspan=\"3\">\u00c7e\u015fitli A\u00e7\u0131k Teras Su \u0130zolasyonlar\u0131<\/td>\n<\/tr>\n<tr>\n<td>26<\/td>\n<td>KONYA<\/td>\n<td>AKADEM\u0130 HASTANES\u0130<\/td>\n<td colspan=\"4\">\u00c7e\u015fitli A\u00e7\u0131k Teras ve \u00c7at\u0131 Su \u0130zolasyonlar\u0131<\/td>\n<\/tr>\n<tr>\n<td>27<\/td>\n<td>KONYA<\/td>\n<td>SEL\u00c7UKLU HASTANES\u0130<\/td>\n<td colspan=\"4\">\u00c7e\u015fitli A\u00e7\u0131k Teras ve \u00c7at\u0131 Su \u0130zolasyonlar\u0131<\/td>\n<\/tr>\n<tr>\n<td>28<\/td>\n<td>KONYA<\/td>\n<td>B\u00dcY\u00dcK\u015eEH\u0130R BELED\u0130YE HASTANES\u0130<\/td>\n<td colspan=\"4\">\u00c7e\u015fitli A\u00e7\u0131k Teras ve \u00c7at\u0131 Su \u0130zolasyonlar\u0131<\/td>\n<\/tr>\n<tr>\n<td>29<\/td>\n<td>KONYA<\/td>\n<td>KARATAY BELED\u0130YES\u0130 FEN\u00a0\u0130\u015eLER\u0130 DA\u0130RE BA\u015eKANLI\u011eI<\/td>\n<td colspan=\"4\">\u00c7e\u015fitli S\u00fcs Havuz Ve \u00c7at\u0131 Su \u0130zolasyonu<\/td>\n<\/tr>\n<tr>\n<td>30<\/td>\n<td>KONYA<\/td>\n<td>KOSK\u0130<\/td>\n<td colspan=\"4\">At\u0131k Su Ar\u0131tma Tesisi \u00c7\u00fcr\u00fct\u00fcc\u00fc Su \u0130zolasyonu<\/td>\n<\/tr>\n<tr>\n<td>31<\/td>\n<td>KONYA<\/td>\n<td>KONYA B\u00dcY\u00dcK\u015eEH\u0130R\u00a0BELED\u0130YES\u0130 FEN \u0130\u015eLER\u0130<\/td>\n<td colspan=\"4\">Zindankale Sanat Galerisi Su \u0130zolasyonlar\u0131<\/td>\n<\/tr>\n<tr>\n<td>32<\/td>\n<td>\u00c7e\u015fitli \u015eehirler<\/td>\n<td>\u015eAHS\u0130<\/td>\n<td colspan=\"3\">\u00c7e\u015fitli \u015eahsi Teras Su \u0130zolasyonlar\u0131<\/td>\n<\/tr>\n<tr>\n<td>33<\/td>\n<td>KONYA<\/td>\n<td>AK\u015eEKER ET ENTEGRE TES\u0130S\u0130<\/td>\n<td colspan=\"5\">Ar\u0131tma Ve \u0130\u00e7me Suyu Depolar\u0131 Su \u0130zolasyonu Ar\u0131tma\u00a0Tesisi \u00c7\u00f6kertme Havuzlar\u0131 Kesimhane Zeminleri<\/td>\n<\/tr>\n<tr>\n<td>34<\/td>\n<td>\u0130STANBUL<\/td>\n<td>ETC \/ TURKCELL<\/td>\n<td colspan=\"5\">180 Adet Pick-Up Baz \u0130stasyon Bak\u0131m Onar\u0131m Arac\u0131 Kasa Kaplamas\u0131<\/td>\n<\/tr>\n<\/tbody>\n<\/table>\n","protected":false},"excerpt":{"rendered":"<p>REFERANSLARIMIZDAN BAZILARI NO \u015eEH\u0130R \u0130\u015e\u0130N SAH\u0130B\u0130 \/ \u0130DARE \u0130\u015e\u0130N ADI 1 \u0130STANBUL \u0130SK\u0130 Elmal\u0131 Su Ar\u0131tma Tesisleri \u00e7\u00f6kertme havuzu kimyasal\u00a0koruma ve su izolasyonu 2 \u0130STANBUL METRO MARKETLER Z\u0130NC\u0130R\u0130 KOZYATA\u011eI METRO K\u0131rm\u0131z\u0131 et kesim, so\u011fuk hava\u00a0deposu, i\u00e7ecek reyonu v.b. alanlar\u0131n zemin kaplamas\u0131 3 \u0130STANBUL ATAT\u00dcRK HAVAL\u0130MANI D\u0131\u015f Hatlar ve Kargo Alanlar\u0131 Zemin Kaplama (Lokal Onar\u0131mlar) 4 [&hellip;]<\/p>\n","protected":false},"author":1,"featured_media":0,"parent":0,"menu_order":0,"comment_status":"closed","ping_status":"closed","template":"","meta":{"footnotes":""},"_links":{"self":[{"href":"https:\/\/www.line-xtr.com\/index.php\/wp-json\/wp\/v2\/pages\/79"}],"collection":[{"href":"https:\/\/www.line-xtr.com\/index.php\/wp-json\/wp\/v2\/pages"}],"about":[{"href":"https:\/\/www.line-xtr.com\/index.php\/wp-json\/wp\/v2\/types\/page"}],"author":[{"embeddable":true,"href":"https:\/\/www.line-xtr.com\/index.php\/wp-json\/wp\/v2\/users\/1"}],"replies":[{"embeddable":true,"href":"https:\/\/www.line-xtr.com\/index.php\/wp-json\/wp\/v2\/comments?post=79"}],"version-history":[{"count":29,"href":"https:\/\/www.line-xtr.com\/index.php\/wp-json\/wp\/v2\/pages\/79\/revisions"}],"predecessor-version":[{"id":225,"href":"https:\/\/www.line-xtr.com\/index.php\/wp-json\/wp\/v2\/pages\/79\/revisions\/225"}],"wp:attachment":[{"href":"https:\/\/www.line-xtr.com\/index.php\/wp-json\/wp\/v2\/media?parent=79"}],"curies":[{"name":"wp","href":"https:\/\/api.w.org\/{rel}","templated":true}]}}