{"id":36,"date":"2015-12-04T13:13:25","date_gmt":"2015-12-04T11:13:25","guid":{"rendered":"http:\/\/www.line-xtr.com\/?page_id=36"},"modified":"2018-03-17T22:51:29","modified_gmt":"2018-03-17T19:51:29","slug":"urunlerimiz","status":"publish","type":"page","link":"https:\/\/www.line-xtr.com\/index.php\/urunlerimiz\/","title":{"rendered":"\u00dcr\u00fcnlerimiz"},"content":{"rendered":"<p>Line-X&#8217;in her ama\u00e7 i\u00e7in \u00f6zel \u00fcretilmi\u015f \u00fcr\u00fcnlerini burada bulabilirsiniz:<\/p>\n<p><a href=\"http:\/\/www.line-xtr.com\/index.php\/2015\/12\/04\/xs-serisi\/\">XS SER\u0130S\u0130<\/a><\/p>\n<p><a href=\"http:\/\/www.line-xtr.com\/index.php\/2015\/12\/04\/px-serisi\/\">PX SER\u0130S\u0130<\/a><\/p>\n<p><a href=\"http:\/\/www.line-xtr.com\/index.php\/2015\/12\/04\/aspart-x\/\">ASPART-X<\/a><\/p>\n","protected":false},"excerpt":{"rendered":"<p>Line-X&#8217;in her ama\u00e7 i\u00e7in \u00f6zel \u00fcretilmi\u015f \u00fcr\u00fcnlerini burada bulabilirsiniz: XS SER\u0130S\u0130 PX SER\u0130S\u0130 ASPART-X<\/p>\n","protected":false},"author":1,"featured_media":0,"parent":0,"menu_order":0,"comment_status":"closed","ping_status":"closed","template":"","meta":{"footnotes":""},"_links":{"self":[{"href":"https:\/\/www.line-xtr.com\/index.php\/wp-json\/wp\/v2\/pages\/36"}],"collection":[{"href":"https:\/\/www.line-xtr.com\/index.php\/wp-json\/wp\/v2\/pages"}],"about":[{"href":"https:\/\/www.line-xtr.com\/index.php\/wp-json\/wp\/v2\/types\/page"}],"author":[{"embeddable":true,"href":"https:\/\/www.line-xtr.com\/index.php\/wp-json\/wp\/v2\/users\/1"}],"replies":[{"embeddable":true,"href":"https:\/\/www.line-xtr.com\/index.php\/wp-json\/wp\/v2\/comments?post=36"}],"version-history":[{"count":2,"href":"https:\/\/www.line-xtr.com\/index.php\/wp-json\/wp\/v2\/pages\/36\/revisions"}],"predecessor-version":[{"id":226,"href":"https:\/\/www.line-xtr.com\/index.php\/wp-json\/wp\/v2\/pages\/36\/revisions\/226"}],"wp:attachment":[{"href":"https:\/\/www.line-xtr.com\/index.php\/wp-json\/wp\/v2\/media?parent=36"}],"curies":[{"name":"wp","href":"https:\/\/api.w.org\/{rel}","templated":true}]}}