{"id":257,"date":"2020-10-08T14:10:47","date_gmt":"2020-10-08T11:10:47","guid":{"rendered":"http:\/\/www.line-xtr.com\/?page_id=257"},"modified":"2020-10-08T14:10:48","modified_gmt":"2020-10-08T11:10:48","slug":"line-x-istanbul","status":"publish","type":"page","link":"https:\/\/www.line-xtr.com\/index.php\/bayilerimiz\/line-x-istanbul\/","title":{"rendered":"Line-X \u0130stanbul"},"content":{"rendered":"\n<p><strong>CRAWLER KARAVAN B\u0130LG\u0130LER\u0130:<\/strong><\/p>\n\n\n\n<p><strong>Adres:<\/strong>\u00a0 Cumhuriyet Mahallesi, 23 Nisan Caddesi No:33, <\/p>\n\n\n\n<p>\u00c7ekmek\u00f6y \/ \u0130STANBUL \/ T\u00dcRK\u0130YE<\/p>\n\n\n\n<p><strong>Tel<\/strong>: +90 (216) 606 17 51<br><strong>Vergi Dairesi:<\/strong> <br><strong>Vergi No: <\/strong><br><strong>Web:\u00a0<\/strong><a href=\"https:\/\/www.crawler.com.tr\/\">www.crawler.com.tr<\/a><br><strong>E-Posta:<\/strong> <a href=\"mailto:bilgi@crawler.com.tr\">bilgi@crawler.com.tr<\/a><\/p>\n\n\n\n<iframe loading=\"lazy\" src=\"https:\/\/www.google.com\/maps\/embed?pb=!1m14!1m8!1m3!1d12040.02394081052!2d29.226487!3d41.025125!3m2!1i1024!2i768!4f13.1!3m3!1m2!1s0x14cace1bdd6a6a71%3A0xa8f151df22f739b!2zQW5hZG9sdSBZYWthc8SxLCBDdW1odXJpeWV0LCAzNDc4OCDDh2VrbWVrw7Z5L8Swc3RhbmJ1bA!5e0!3m2!1str!2str!4v1602155311440!5m2!1str!2str\" width=\"600\" height=\"450\" frameborder=\"0\" style=\"border:0;\" allowfullscreen=\"\" aria-hidden=\"false\" tabindex=\"0\"><\/iframe>\n","protected":false},"excerpt":{"rendered":"<p>CRAWLER KARAVAN B\u0130LG\u0130LER\u0130: Adres:\u00a0 Cumhuriyet Mahallesi, 23 Nisan Caddesi No:33, \u00c7ekmek\u00f6y \/ \u0130STANBUL \/ T\u00dcRK\u0130YE Tel: +90 (216) 606 17 51Vergi Dairesi: Vergi No: Web:\u00a0www.crawler.com.trE-Posta: bilgi@crawler.com.tr<\/p>\n","protected":false},"author":1,"featured_media":0,"parent":25,"menu_order":0,"comment_status":"closed","ping_status":"closed","template":"","meta":{"footnotes":""},"_links":{"self":[{"href":"https:\/\/www.line-xtr.com\/index.php\/wp-json\/wp\/v2\/pages\/257"}],"collection":[{"href":"https:\/\/www.line-xtr.com\/index.php\/wp-json\/wp\/v2\/pages"}],"about":[{"href":"https:\/\/www.line-xtr.com\/index.php\/wp-json\/wp\/v2\/types\/page"}],"author":[{"embeddable":true,"href":"https:\/\/www.line-xtr.com\/index.php\/wp-json\/wp\/v2\/users\/1"}],"replies":[{"embeddable":true,"href":"https:\/\/www.line-xtr.com\/index.php\/wp-json\/wp\/v2\/comments?post=257"}],"version-history":[{"count":2,"href":"https:\/\/www.line-xtr.com\/index.php\/wp-json\/wp\/v2\/pages\/257\/revisions"}],"predecessor-version":[{"id":259,"href":"https:\/\/www.line-xtr.com\/index.php\/wp-json\/wp\/v2\/pages\/257\/revisions\/259"}],"up":[{"embeddable":true,"href":"https:\/\/www.line-xtr.com\/index.php\/wp-json\/wp\/v2\/pages\/25"}],"wp:attachment":[{"href":"https:\/\/www.line-xtr.com\/index.php\/wp-json\/wp\/v2\/media?parent=257"}],"curies":[{"name":"wp","href":"https:\/\/api.w.org\/{rel}","templated":true}]}}