{"id":234,"date":"2018-06-09T11:52:38","date_gmt":"2018-06-09T08:52:38","guid":{"rendered":"http:\/\/www.line-xtr.com\/?page_id=234"},"modified":"2019-10-14T14:52:09","modified_gmt":"2019-10-14T11:52:09","slug":"linex-kocaeli","status":"publish","type":"page","link":"https:\/\/www.line-xtr.com\/index.php\/bayilerimiz\/linex-kocaeli\/","title":{"rendered":"Line-X Kocaeli"},"content":{"rendered":"<p><span style=\"color: #000000;\"><strong>ARP OTOMOB\u0130L A.\u015e B\u0130LG\u0130LER\u0130:<\/strong><\/span><\/p>\n<p><span style=\"color: #000000;\"><strong>Adres:<\/strong>&nbsp; Sanayi Mah. Kuzey Sok. No:4<\/span><br \/>\n<span style=\"color: #000000;\">\u0130zmit \/ Kocaeli \/ T\u00dcRK\u0130YE<\/span><\/p>\n<p><span style=\"color: #000000;\"><strong>Tel<\/strong>: +90 (262) 335 14 25<\/span><br \/>\n<span style=\"color: #000000;\"> <strong>Fax:<\/strong> +90 (262) 335 30 68<\/span><br \/>\n<span style=\"color: #000000;\"> <strong>Gsm:<\/strong> +90 (0532) 454 02 59<\/span><br \/>\n<span style=\"color: #000000;\"> <strong>Vergi Dairesi:<\/strong> TEPEC\u0130K V.D.<\/span><br \/>\n<span style=\"color: #000000;\"> <strong>Vergi No: <\/strong>0800365899<\/span><br \/>\n<strong>Web:&nbsp;<\/strong>www.arp.com.tr<br \/>\n<strong>E-Posta:<\/strong> <a href=\"mailto:yasin.arapoglu@arp.com.tr\">yasin.arapoglu@arp.com.tr<\/a><\/p>\n<p><iframe loading=\"lazy\" src=\"https:\/\/www.google.com\/maps\/embed?pb=!1m18!1m12!1m3!1d3022.5747427354795!2d29.951590315072526!3d40.749382043265314!2m3!1f0!2f0!3f0!3m2!1i1024!2i768!4f13.1!3m3!1m2!1s0x14cb4fd3b03d4aa3%3A0x830817980102f3a3!2sArp+Otomobil+A.%C5%9E.!5e0!3m2!1str!2str!4v1528534097026\" width=\"600\" height=\"450\" frameborder=\"0\" style=\"border:0\" allowfullscreen=\"\"><\/iframe><\/p>\n<p>&nbsp;<\/p>\n","protected":false},"excerpt":{"rendered":"<p>ARP OTOMOB\u0130L A.\u015e B\u0130LG\u0130LER\u0130: Adres:&nbsp; Sanayi Mah. Kuzey Sok. No:4 \u0130zmit \/ Kocaeli \/ T\u00dcRK\u0130YE Tel: +90 (262) 335 14 25 Fax: +90 (262) 335 30 68 Gsm: +90 (0532) 454 02 59 Vergi Dairesi: TEPEC\u0130K V.D. Vergi No: 0800365899 Web:&nbsp;www.arp.com.tr E-Posta: yasin.arapoglu@arp.com.tr &nbsp;<\/p>\n","protected":false},"author":1,"featured_media":0,"parent":25,"menu_order":2,"comment_status":"closed","ping_status":"closed","template":"","meta":{"footnotes":""},"_links":{"self":[{"href":"https:\/\/www.line-xtr.com\/index.php\/wp-json\/wp\/v2\/pages\/234"}],"collection":[{"href":"https:\/\/www.line-xtr.com\/index.php\/wp-json\/wp\/v2\/pages"}],"about":[{"href":"https:\/\/www.line-xtr.com\/index.php\/wp-json\/wp\/v2\/types\/page"}],"author":[{"embeddable":true,"href":"https:\/\/www.line-xtr.com\/index.php\/wp-json\/wp\/v2\/users\/1"}],"replies":[{"embeddable":true,"href":"https:\/\/www.line-xtr.com\/index.php\/wp-json\/wp\/v2\/comments?post=234"}],"version-history":[{"count":3,"href":"https:\/\/www.line-xtr.com\/index.php\/wp-json\/wp\/v2\/pages\/234\/revisions"}],"predecessor-version":[{"id":250,"href":"https:\/\/www.line-xtr.com\/index.php\/wp-json\/wp\/v2\/pages\/234\/revisions\/250"}],"up":[{"embeddable":true,"href":"https:\/\/www.line-xtr.com\/index.php\/wp-json\/wp\/v2\/pages\/25"}],"wp:attachment":[{"href":"https:\/\/www.line-xtr.com\/index.php\/wp-json\/wp\/v2\/media?parent=234"}],"curies":[{"name":"wp","href":"https:\/\/api.w.org\/{rel}","templated":true}]}}