{"id":2,"date":"2015-11-29T11:54:44","date_gmt":"2015-11-29T09:54:44","guid":{"rendered":"http:\/\/www.line-xtr.com\/?page_id=2"},"modified":"2019-10-14T14:51:53","modified_gmt":"2019-10-14T11:51:53","slug":"linex-konya","status":"publish","type":"page","link":"https:\/\/www.line-xtr.com\/index.php\/bayilerimiz\/linex-konya\/","title":{"rendered":"Line-X T\u00fcrkiye Alt-Distrib\u00fct\u00f6r \u0130zoneks \u0130n\u015faat"},"content":{"rendered":"<p><span style=\"color: #000000;\">Line-X T\u00fcrkiye distrib\u00fct\u00f6r\u00fc olan Ate\u015f \u0130n\u015faat firmam\u0131z, 2008 y\u0131l\u0131ndan g\u00fcn\u00fcm\u00fcze&nbsp;alt-distrib\u00fct\u00f6rl\u00fck g\u00f6revine \u0130zoneks \u0130n\u015faat&#8217;\u0131&nbsp;yetkilendirmi\u015ftir.<\/span><\/p>\n<p><span style=\"color: #000000;\">\u0130zoneks \u0130n\u015faat bu g\u00f6revi disiplini, tecr\u00fcbesi, ve birikimi ile lay\u0131k\u0131yla yerine getirmekte olup her ge\u00e7en g\u00fcn bayi a\u011f\u0131n\u0131 geni\u015fletmek i\u00e7in var g\u00fcc\u00fcyle hizmet vermektedir.<\/span><\/p>\n<p><span style=\"color: #000000;\"><strong>\u0130zoneks \u0130n\u015faat \u0130rtibat Bilgileri:<\/strong><\/span><\/p>\n<p><span style=\"color: #000000;\"><strong>Adres:<\/strong>&nbsp; Horozluhan Mah.&nbsp;\u00c7al\u0131d\u00fcz\u00fc Sok. No:11<\/span><br \/>\n<span style=\"color: #000000;\"> Sel\u00e7uklu \/ Konya \/ T\u00dcRK\u0130YE<\/span><\/p>\n<p><span style=\"color: #000000;\"><strong>Tel<\/strong>: +90 (332) 233 33 43<\/span><br \/>\n<span style=\"color: #000000;\"> <strong>Fax:<\/strong> +90 (332) 233 33 28<\/span><br \/>\n<span style=\"color: #000000;\"> <strong>Gsm:<\/strong> +90 (0532) 771 20 84<\/span><br \/>\n<span style=\"color: #000000;\"> <strong>Ticaret Sicil No:<\/strong> 35357<\/span><br \/>\n<span style=\"color: #000000;\"> <strong>Vergi Dairesi:<\/strong> SEL\u00c7UK V.D.<\/span><br \/>\n<span style=\"color: #000000;\"> <strong>Vergi No: <\/strong>4840741834<\/span><br \/>\n<strong>Web:<\/strong> <a href=\"http:\/\/www.izoneks.com\/\">www.izoneks.com <\/a><br \/>\n<strong>E-Posta:<\/strong> <a href=\"mailto:destek@izoneks.com\">destek@izoneks.com<\/a><\/p>\n<p><iframe loading=\"lazy\" style=\"border: 0;\" src=\"https:\/\/www.google.com\/maps\/embed?pb=!1m18!1m12!1m3!1d786.9003338538884!2d32.50901682924143!3d37.916380056742284!2m3!1f0!2f0!3f0!3m2!1i1024!2i768!4f13.1!3m3!1m2!1s0x0%3A0x0!2zMzfCsDU0JzU5LjAiTiAzMsKwMzAnMzQuNCJF!5e0!3m2!1str!2str!4v1449225672482\" width=\"600\" height=\"450\" frameborder=\"0\" allowfullscreen=\"allowfullscreen\"><\/iframe><\/p>\n<p>&nbsp;<\/p>\n","protected":false},"excerpt":{"rendered":"<p>Line-X T\u00fcrkiye distrib\u00fct\u00f6r\u00fc olan Ate\u015f \u0130n\u015faat firmam\u0131z, 2008 y\u0131l\u0131ndan g\u00fcn\u00fcm\u00fcze&nbsp;alt-distrib\u00fct\u00f6rl\u00fck g\u00f6revine \u0130zoneks \u0130n\u015faat&#8217;\u0131&nbsp;yetkilendirmi\u015ftir. \u0130zoneks \u0130n\u015faat bu g\u00f6revi disiplini, tecr\u00fcbesi, ve birikimi ile lay\u0131k\u0131yla yerine getirmekte olup her ge\u00e7en g\u00fcn bayi a\u011f\u0131n\u0131 geni\u015fletmek i\u00e7in var g\u00fcc\u00fcyle hizmet vermektedir. \u0130zoneks \u0130n\u015faat \u0130rtibat Bilgileri: Adres:&nbsp; Horozluhan Mah.&nbsp;\u00c7al\u0131d\u00fcz\u00fc Sok. No:11 Sel\u00e7uklu \/ Konya \/ T\u00dcRK\u0130YE Tel: +90 (332) 233 [&hellip;]<\/p>\n","protected":false},"author":1,"featured_media":0,"parent":25,"menu_order":1,"comment_status":"closed","ping_status":"closed","template":"","meta":{"footnotes":""},"_links":{"self":[{"href":"https:\/\/www.line-xtr.com\/index.php\/wp-json\/wp\/v2\/pages\/2"}],"collection":[{"href":"https:\/\/www.line-xtr.com\/index.php\/wp-json\/wp\/v2\/pages"}],"about":[{"href":"https:\/\/www.line-xtr.com\/index.php\/wp-json\/wp\/v2\/types\/page"}],"author":[{"embeddable":true,"href":"https:\/\/www.line-xtr.com\/index.php\/wp-json\/wp\/v2\/users\/1"}],"replies":[{"embeddable":true,"href":"https:\/\/www.line-xtr.com\/index.php\/wp-json\/wp\/v2\/comments?post=2"}],"version-history":[{"count":6,"href":"https:\/\/www.line-xtr.com\/index.php\/wp-json\/wp\/v2\/pages\/2\/revisions"}],"predecessor-version":[{"id":246,"href":"https:\/\/www.line-xtr.com\/index.php\/wp-json\/wp\/v2\/pages\/2\/revisions\/246"}],"up":[{"embeddable":true,"href":"https:\/\/www.line-xtr.com\/index.php\/wp-json\/wp\/v2\/pages\/25"}],"wp:attachment":[{"href":"https:\/\/www.line-xtr.com\/index.php\/wp-json\/wp\/v2\/media?parent=2"}],"curies":[{"name":"wp","href":"https:\/\/api.w.org\/{rel}","templated":true}]}}